{"id":401,"date":"2025-11-24T16:16:08","date_gmt":"2025-11-24T16:16:08","guid":{"rendered":"https:\/\/hotelkristina.com\/que-faire\/"},"modified":"2026-02-24T17:16:43","modified_gmt":"2026-02-24T17:16:43","slug":"que-faire","status":"publish","type":"page","link":"https:\/\/hotelkristina.com\/fr\/que-faire\/","title":{"rendered":"Que faire"},"content":{"rendered":"\t\t<div data-elementor-type=\"wp-page\" data-elementor-id=\"401\" class=\"elementor elementor-401 elementor-190\">\n\t\t\t\t<div class=\"elementor-element elementor-element-614d51a e-flex e-con-boxed e-con e-parent\" data-id=\"614d51a\" data-element_type=\"container\" data-e-type=\"container\" data-settings=\"{&quot;background_background&quot;:&quot;classic&quot;}\">\n\t\t\t\t\t<div class=\"e-con-inner\">\n\t\t\t\t<div class=\"elementor-element elementor-element-d7fa80a elementor-widget elementor-widget-heading\" data-id=\"d7fa80a\" data-element_type=\"widget\" data-e-type=\"widget\" data-widget_type=\"heading.default\">\n\t\t\t\t<div class=\"elementor-widget-container\">\n\t\t\t\t\t<h2 class=\"elementor-heading-title elementor-size-default\">Que faire dans les environs<\/h2>\t\t\t\t<\/div>\n\t\t\t\t<\/div>\n\t\t\t\t<div class=\"elementor-element elementor-element-a87b4f6 elementor-widget elementor-widget-text-editor\" data-id=\"a87b4f6\" data-element_type=\"widget\" data-e-type=\"widget\" data-widget_type=\"text-editor.default\">\n\t\t\t\t<div class=\"elementor-widget-container\">\n\t\t\t\t\t\t\t\t\t<p>D\u00e9couvrez Imperia et ses environs avec les activit\u00e9s que nous pouvons organiser pour vous.<\/p>\t\t\t\t\t\t\t\t<\/div>\n\t\t\t\t<\/div>\n\t\t\t\t\t<\/div>\n\t\t\t\t<\/div>\n\t\t<div class=\"elementor-element elementor-element-02f11af e-con-full e-flex e-con e-parent\" data-id=\"02f11af\" data-element_type=\"container\" data-e-type=\"container\">\n\t\t<div class=\"elementor-element elementor-element-ed1a3e2 e-con-full e-flex e-con e-child\" data-id=\"ed1a3e2\" data-element_type=\"container\" data-e-type=\"container\" data-settings=\"{&quot;background_background&quot;:&quot;classic&quot;}\">\n\t\t\t\t<\/div>\n\t\t<div class=\"elementor-element elementor-element-956944f e-con-full e-flex e-con e-child\" data-id=\"956944f\" data-element_type=\"container\" data-e-type=\"container\">\n\t\t\t\t<div class=\"elementor-element elementor-element-4c940aa elementor-widget elementor-widget-heading\" data-id=\"4c940aa\" data-element_type=\"widget\" data-e-type=\"widget\" data-widget_type=\"heading.default\">\n\t\t\t\t<div class=\"elementor-widget-container\">\n\t\t\t\t\t<h4 class=\"elementor-heading-title elementor-size-default\">Sports &amp; Activit\u00e9s<\/h4>\t\t\t\t<\/div>\n\t\t\t\t<\/div>\n\t\t\t\t<div class=\"elementor-element elementor-element-0b0feb9 elementor-widget elementor-widget-text-editor\" data-id=\"0b0feb9\" data-element_type=\"widget\" data-e-type=\"widget\" data-widget_type=\"text-editor.default\">\n\t\t\t\t<div class=\"elementor-widget-container\">\n\t\t\t\t\t\t\t\t\t<ul><li data-start=\"533\" data-end=\"556\"><p data-start=\"535\" data-end=\"556\">Excursions en bateau<\/p><\/li><li data-start=\"557\" data-end=\"592\"><p data-start=\"559\" data-end=\"592\">Visite du Sanctuaire des C\u00e9tac\u00e9s<\/p><\/li><li data-start=\"593\" data-end=\"612\"><p data-start=\"595\" data-end=\"612\">Cours de voile<\/p><\/li><li data-start=\"613\" data-end=\"643\"><p data-start=\"615\" data-end=\"643\">Courts de tennis et de padel<\/p><\/li><li data-start=\"644\" data-end=\"682\"><p data-start=\"646\" data-end=\"682\">Piste cyclable du Ponant Ligure<\/p><\/li><li data-start=\"683\" data-end=\"730\"><p data-start=\"685\" data-end=\"730\">Excursions en VTT dans l&rsquo;arri\u00e8re-pays<\/p><\/li><li data-start=\"731\" data-end=\"813\"><p data-start=\"733\" data-end=\"740\">Golf :<\/p><ul data-start=\"743\" data-end=\"813\"><li data-start=\"743\" data-end=\"771\"><p data-start=\"745\" data-end=\"771\">Circolo Golf degli Ulivi<\/p><\/li><li data-start=\"774\" data-end=\"793\"><p data-start=\"776\" data-end=\"793\">Castellaro Golf<\/p><\/li><li data-start=\"796\" data-end=\"813\"><p data-start=\"798\" data-end=\"813\">Golf Garlenda<\/p><\/li><\/ul><\/li><\/ul>\t\t\t\t\t\t\t\t<\/div>\n\t\t\t\t<\/div>\n\t\t\t\t<\/div>\n\t\t\t\t<\/div>\n\t\t<div class=\"elementor-element elementor-element-b1caf77 e-con-full e-flex e-con e-parent\" data-id=\"b1caf77\" data-element_type=\"container\" data-e-type=\"container\">\n\t\t<div class=\"elementor-element elementor-element-31a7270 e-con-full e-flex e-con e-child\" data-id=\"31a7270\" data-element_type=\"container\" data-e-type=\"container\" data-settings=\"{&quot;background_background&quot;:&quot;classic&quot;}\">\n\t\t\t\t<\/div>\n\t\t<div class=\"elementor-element elementor-element-c756f68 e-con-full e-flex e-con e-child\" data-id=\"c756f68\" data-element_type=\"container\" data-e-type=\"container\">\n\t\t\t\t<div class=\"elementor-element elementor-element-c758666 elementor-widget elementor-widget-heading\" data-id=\"c758666\" data-element_type=\"widget\" data-e-type=\"widget\" data-widget_type=\"heading.default\">\n\t\t\t\t<div class=\"elementor-widget-container\">\n\t\t\t\t\t<h4 class=\"elementor-heading-title elementor-size-default\">Culture &amp; Lieux \u00e0 visiter<\/h4>\t\t\t\t<\/div>\n\t\t\t\t<\/div>\n\t\t\t\t<div class=\"elementor-element elementor-element-4c83c09 elementor-widget elementor-widget-text-editor\" data-id=\"4c83c09\" data-element_type=\"widget\" data-e-type=\"widget\" data-widget_type=\"text-editor.default\">\n\t\t\t\t<div class=\"elementor-widget-container\">\n\t\t\t\t\t\t\t\t\t<ul><li data-start=\"1011\" data-end=\"1027\"><p data-start=\"1013\" data-end=\"1027\">Mus\u00e9e naval<\/p><\/li><li data-start=\"1028\" data-end=\"1047\"><p data-start=\"1030\" data-end=\"1047\">Mus\u00e9e de l&rsquo;huile<\/p><\/li><li data-start=\"1048\" data-end=\"1081\"><p data-start=\"1050\" data-end=\"1081\">Villa Grock \u2013 Mus\u00e9e du Clown<\/p><\/li><li data-start=\"1082\" data-end=\"1107\"><p data-start=\"1084\" data-end=\"1107\">Logge di Santa Chiara<\/p><\/li><li data-start=\"1108\" data-end=\"1140\"><p data-start=\"1110\" data-end=\"1140\">Promenade des Amoureux<\/p><\/li><\/ul>\t\t\t\t\t\t\t\t<\/div>\n\t\t\t\t<\/div>\n\t\t\t\t<\/div>\n\t\t\t\t<\/div>\n\t\t<div class=\"elementor-element elementor-element-dd00e52 e-flex e-con-boxed e-con e-parent\" data-id=\"dd00e52\" data-element_type=\"container\" data-e-type=\"container\" data-settings=\"{&quot;background_background&quot;:&quot;classic&quot;}\">\n\t\t\t\t\t<div class=\"e-con-inner\">\n\t\t\t\t<div class=\"elementor-element elementor-element-2e3cd2b elementor-widget elementor-widget-heading\" data-id=\"2e3cd2b\" data-element_type=\"widget\" data-e-type=\"widget\" data-widget_type=\"heading.default\">\n\t\t\t\t<div class=\"elementor-widget-container\">\n\t\t\t\t\t<h3 class=\"elementor-heading-title elementor-size-default\">Vous ne savez pas par o\u00f9 commencer ?<\/h3>\t\t\t\t<\/div>\n\t\t\t\t<\/div>\n\t\t\t\t<div class=\"elementor-element elementor-element-603bfc1 elementor-widget elementor-widget-text-editor\" data-id=\"603bfc1\" data-element_type=\"widget\" data-e-type=\"widget\" data-widget_type=\"text-editor.default\">\n\t\t\t\t<div class=\"elementor-widget-container\">\n\t\t\t\t\t\t\t\t\t<p data-start=\"1237\" data-end=\"1381\">L&rsquo;h\u00f4tel aide les clients \u00e0 organiser des activit\u00e9s sur mesure (sports, exp\u00e9riences, visites).<\/p>\t\t\t\t\t\t\t\t<\/div>\n\t\t\t\t<\/div>\n\t\t\t\t<div class=\"elementor-element elementor-element-d1813ab elementor-align-center elementor-widget elementor-widget-button\" data-id=\"d1813ab\" data-element_type=\"widget\" data-e-type=\"widget\" data-widget_type=\"button.default\">\n\t\t\t\t<div class=\"elementor-widget-container\">\n\t\t\t\t\t\t\t\t\t<div class=\"elementor-button-wrapper\">\n\t\t\t\t\t<a class=\"elementor-button elementor-button-link elementor-size-sm\" href=\"https:\/\/hotelkristina.com\/contatti\/\">\n\t\t\t\t\t\t<span class=\"elementor-button-content-wrapper\">\n\t\t\t\t\t\t\t\t\t<span class=\"elementor-button-text\">CONTACTEZ-NOUS<\/span>\n\t\t\t\t\t<\/span>\n\t\t\t\t\t<\/a>\n\t\t\t\t<\/div>\n\t\t\t\t\t\t\t\t<\/div>\n\t\t\t\t<\/div>\n\t\t\t\t\t<\/div>\n\t\t\t\t<\/div>\n\t\t\t\t<\/div>\n\t\t","protected":false},"excerpt":{"rendered":"<p>Que faire dans les environs D\u00e9couvrez Imperia et ses environs avec les activit\u00e9s que nous pouvons organiser pour vous. Sports &amp; Activit\u00e9s Excursions en bateau Visite du Sanctuaire des C\u00e9tac\u00e9s Cours de voile Courts de tennis et de padel Piste cyclable du Ponant Ligure Excursions en VTT dans l&rsquo;arri\u00e8re-pays Golf : Circolo Golf degli Ulivi [&hellip;]<\/p>\n","protected":false},"author":1,"featured_media":0,"parent":0,"menu_order":0,"comment_status":"closed","ping_status":"closed","template":"","meta":{"footnotes":""},"class_list":["post-401","page","type-page","status-publish","hentry"],"_links":{"self":[{"href":"https:\/\/hotelkristina.com\/fr\/wp-json\/wp\/v2\/pages\/401","targetHints":{"allow":["GET"]}}],"collection":[{"href":"https:\/\/hotelkristina.com\/fr\/wp-json\/wp\/v2\/pages"}],"about":[{"href":"https:\/\/hotelkristina.com\/fr\/wp-json\/wp\/v2\/types\/page"}],"author":[{"embeddable":true,"href":"https:\/\/hotelkristina.com\/fr\/wp-json\/wp\/v2\/users\/1"}],"replies":[{"embeddable":true,"href":"https:\/\/hotelkristina.com\/fr\/wp-json\/wp\/v2\/comments?post=401"}],"version-history":[{"count":1,"href":"https:\/\/hotelkristina.com\/fr\/wp-json\/wp\/v2\/pages\/401\/revisions"}],"predecessor-version":[{"id":404,"href":"https:\/\/hotelkristina.com\/fr\/wp-json\/wp\/v2\/pages\/401\/revisions\/404"}],"wp:attachment":[{"href":"https:\/\/hotelkristina.com\/fr\/wp-json\/wp\/v2\/media?parent=401"}],"curies":[{"name":"wp","href":"https:\/\/api.w.org\/{rel}","templated":true}]}}